{"id":266,"date":"2020-06-05T15:23:00","date_gmt":"2020-06-05T15:23:00","guid":{"rendered":"https:\/\/www.thelondonchophouse.com\/?page_id=266"},"modified":"2021-03-11T19:39:06","modified_gmt":"2021-03-12T00:39:06","slug":"wines-2","status":"publish","type":"page","link":"https:\/\/www.thelondonchophouse.com\/index.php\/wines-2\/","title":{"rendered":"WINES"},"content":{"rendered":"<div class=\"fusion-fullwidth fullwidth-box fusion-builder-row-1 hundred-percent-fullwidth non-hundred-percent-height-scrolling\" style=\"background-color: #242424;background-position: center center;background-repeat: no-repeat;padding-top:0px;padding-right:0px;padding-bottom:0px;padding-left:0px;border-width: 0px 0px 0px 0px;border-color:#3e3e3e;border-style:solid;\" ><div class=\"fusion-builder-row fusion-row\"><div class=\"fusion-layout-column fusion_builder_column fusion-builder-column-0 fusion_builder_column_1_1 1_1 fusion-one-full fusion-column-first fusion-column-last\" style=\"margin-top:0px;margin-bottom:20px;\"><div class=\"fusion-column-wrapper fusion-flex-column-wrapper-legacy\" style=\"background-position:left top;background-repeat:no-repeat;-webkit-background-size:cover;-moz-background-size:cover;-o-background-size:cover;background-size:cover;padding: 0px 0px 0px 0px;\"><style type=\"text\/css\"><\/style><div class=\"fusion-title title fusion-title-1 fusion-title-text fusion-title-size-one\" style=\"margin-top:10px;margin-right:0px;margin-bottom:15px;margin-left:0px;\"><h1 class=\"title-heading-left\" style=\"margin:0;\"><h3 style=\"text-align: center;\">BY THE GLASS<\/h3><\/h1><span class=\"awb-title-spacer\"><\/span><div class=\"title-sep-container\"><div class=\"title-sep sep-single sep-solid\" style=\"border-color:#ffffff;\"><\/div><\/div><\/div><style type=\"text\/css\"><\/style><div class=\"fusion-title title fusion-title-2 fusion-sep-none fusion-title-text fusion-title-size-one\" style=\"margin-top:0px;margin-right:0px;margin-bottom:0px;margin-left:0px;\"><h1 class=\"title-heading-left\" style=\"margin:0;\"><h4 style=\"text-align: center;\">SPARKLING SPLITS<\/h4><\/h1><\/div><div class=\"fusion-text fusion-text-1\"><h5 style=\"text-align: center;\">ZONIN PROSECCO<br \/>\n13<\/h5>\n<h5 style=\"text-align: center;\">MUMM NAPA BRUT PRESTIGE<br \/>\n16<\/h5>\n<h5 style=\"text-align: center;\">CHANDON BRUT ROS\u00c9<br \/>\n16<\/h5>\n<h5 style=\"text-align: center;\">LAURENT-PERRIER CHAMPAGNE BRUT<br \/>\n23<\/h5>\n<h5 style=\"text-align: center;\"><\/h5>\n<\/div><style type=\"text\/css\"><\/style><div class=\"fusion-title title fusion-title-3 fusion-sep-none fusion-title-text fusion-title-size-one\" style=\"margin-top:0px;margin-right:0px;margin-bottom:0px;margin-left:0px;\"><h1 class=\"title-heading-left\" style=\"margin:0;\"><h4 style=\"text-align: center;\">WHITES<\/h4><\/h1><\/div><div class=\"fusion-text fusion-text-2\"><h5 style=\"text-align: center;\">BRICCO RIELLE MOSCATO D\u2019ASTI<br \/>\n10 \u2022 38<\/h5>\n<h5 style=\"text-align: center;\">BEX RIESLING<br \/>\n9 \u2022 35<\/h5>\n<h5 style=\"text-align: center;\">DOMAIN DE FONTSAINTE ROS\u00c9<br \/>\n12 \u2022 44<\/h5>\n<h5 style=\"text-align: center;\">ANTERRA PINOT GRIGIO<br \/>\n9 \u2022 35<\/h5>\n<h5 style=\"text-align: center;\">SANTA MARGHERITA PINOT GRIGIO<br \/>\n16 \u2022 60<\/h5>\n<h5 style=\"text-align: center;\">CH\u00c2TEAU ARGADENS<br \/>\nBORDEAUX BLANC<br \/>\n11 \u2022 42<\/h5>\n<h5 style=\"text-align: center;\">HAYMAKER NEW ZEALAND<br \/>\nSAUVIGNON BLANC<br \/>\n12 \u2022 44<\/h5>\n<h5 style=\"text-align: center;\">CANYON ROAD CHARDONNAY<br \/>\n9 \u2022 35<\/h5>\n<h5 style=\"text-align: center;\">FOLIE A DEUX RUSSIAN RIVER CHARDONNAY<br \/>\n13 \u2022 48<\/h5>\n<h5 style=\"text-align: center;\">BOUCHAINE NAPA\/CARNEROS CHARDONNAY<br \/>\n16 \u2022 58<\/h5>\n<\/div><style type=\"text\/css\"><\/style><div class=\"fusion-title title fusion-title-4 fusion-sep-none fusion-title-text fusion-title-size-one\" style=\"margin-top:0px;margin-right:0px;margin-bottom:0px;margin-left:0px;\"><h1 class=\"title-heading-left\" style=\"margin:0;\"><h4 style=\"text-align: center;\">REDS<\/h4><\/h1><\/div><div class=\"fusion-text fusion-text-3\"><h5 style=\"text-align: center;\">10 SPAN PINOT NOIR<br \/>\n11 \u2022 40<\/h5>\n<h5 style=\"text-align: center;\">PATTON VALLEY OREGON PINOT NOIR<br \/>\n15 \u2022 56<\/h5>\n<h5 style=\"text-align: center;\">BELLE GLOS \u201cCLARK &amp; TELEPHONE\u201d PINOT NOIR<br \/>\n20 \u2022 78<\/h5>\n<h5 style=\"text-align: center;\">PROVERB MERLOT<br \/>\n9 \u2022 35<\/h5>\n<h5 style=\"text-align: center;\">EMMOLO BY CAYMUS<br \/>\n18 \u2022 68<\/h5>\n<h5 style=\"text-align: center;\">BROQUEL MALBEC<br \/>\n12 \u2022 44<\/h5>\n<h5 style=\"text-align: center;\">CH\u00c2TEAU ARGADENS BORDEAUX<br \/>\n11 \u2022 42<\/h5>\n<h5 style=\"text-align: center;\">DEAD CANYON RANCH BLEND<br \/>\n13 \u2022 48<\/h5>\n<h5 style=\"text-align: center;\">THE PESSIMIST RED BLEND<br \/>\n15 \u2022 50<\/h5>\n<h5 style=\"text-align: center;\">ATHENA CABERNET<br \/>\n10 \u2022 38<\/h5>\n<h5 style=\"text-align: center;\">VINA ROBLES ESTATE CABERNET<br \/>\n14 \u2022 50<\/h5>\n<h5 style=\"text-align: center;\">TREANNA CABERNET<br \/>\n17 \u2022 64<\/h5>\n<h5 style=\"text-align: center;\">FRANK FAMILY NAPA CABERNET<br \/>\n24 \u2022 90<\/h5>\n<h5 style=\"text-align: center;\">PALERMO CABERNET BY ORIN SWIFT<br \/>\n27 \u2022 100<\/h5>\n<\/div><style type=\"text\/css\"><\/style><div class=\"fusion-title title fusion-title-5 fusion-title-text fusion-title-size-one\" style=\"margin-top:10px;margin-right:0px;margin-bottom:15px;margin-left:0px;\"><h1 class=\"title-heading-left\" style=\"margin:0;\"><h3 style=\"text-align: center;\">BY THE BOTTLE<\/h3><\/h1><span class=\"awb-title-spacer\"><\/span><div class=\"title-sep-container\"><div class=\"title-sep sep-single sep-solid\" style=\"border-color:#ffffff;\"><\/div><\/div><\/div><style type=\"text\/css\"><\/style><div class=\"fusion-title title fusion-title-6 fusion-sep-none fusion-title-text fusion-title-size-one\" style=\"margin-top:0px;margin-right:0px;margin-bottom:0px;margin-left:0px;\"><h1 class=\"title-heading-left\" style=\"margin:0;\"><h4 style=\"text-align: center;\">SPARKLING<\/h4><\/h1><\/div><div class=\"fusion-text fusion-text-4\"><h5 style=\"text-align: center;\">BIN 100<br \/>\nCHANDON BRUT CLASSIC N.V. \u2013 CALIFORNIA<br \/>\n47<\/h5>\n<h5 style=\"text-align: center;\">BIN 101<br \/>\nROEDERER ESTATE BRUT ROS\u00c9 N.V. \u2013 ANDERSON VALLEY<br \/>\n56<\/h5>\n<h5 style=\"text-align: center;\">BIN 102<br \/>\nPERRIER JOU\u00cbT GRAND BRUT N.V. \u2013 REIMS<br \/>\n75<\/h5>\n<h5 style=\"text-align: center;\">BIN 103<br \/>\nJO\u00cbL FALMET BRUT ROS\u00c9 \u2013 REIMS<br \/>\n92<\/h5>\n<h5 style=\"text-align: center;\">BIN 104<br \/>\nVEUVE CLICQUOT \u201cYELLOW LABEL\u201d N.V. \u2013 REIMS<br \/>\n120<\/h5>\n<h5 style=\"text-align: center;\">BIN 105<br \/>\nMO\u00cbT &amp; CHANDON NECTAR IMP\u00c9RIAL ROS\u00c9 N.V. \u2013 REIMS<br \/>\n135<\/h5>\n<h5 style=\"text-align: center;\">BIN 106<br \/>\nBILLECART-SALMON BRUT ROS\u00c9 N.V. \u2013 REIMS<br \/>\n165<\/h5>\n<h5 style=\"text-align: center;\">BIN 107<br \/>\n107 VEUVE CLICQUOT \u201cLA GRANDE DAME\u201d \u201908 \u2013 REIMS<br \/>\n250<\/h5>\n<h5 style=\"text-align: center;\">BIN 108<br \/>\nDOM PERIGNON \u201910 \u2013 REIMS<br \/>\n315<\/h5>\n<h5 style=\"text-align: center;\"><\/h5>\n<\/div><style type=\"text\/css\"><\/style><div class=\"fusion-title title fusion-title-7 fusion-sep-none fusion-title-text fusion-title-size-one\" style=\"margin-top:0px;margin-right:0px;margin-bottom:0px;margin-left:0px;\"><h1 class=\"title-heading-left\" style=\"margin:0;\"><h4 style=\"text-align: center;\">WHITES<\/h4><\/h1><\/div><style type=\"text\/css\"><\/style><div class=\"fusion-title title fusion-title-8 fusion-sep-none fusion-title-text fusion-title-size-one\" style=\"margin-top:0px;margin-right:0px;margin-bottom:0px;margin-left:0px;\"><h1 class=\"title-heading-left\" style=\"margin:0;\"><h4 style=\"text-align: center;\">SAUVIGNON BLANC<\/h4><\/h1><\/div><div class=\"fusion-text fusion-text-5\"><h5 style=\"text-align: center;\">BIN 110<br \/>\nSTARMONT \u201917 \u2013 NAPA<br \/>\n38<\/h5>\n<h5 style=\"text-align: center;\">BIN 111<br \/>\nGROTH \u201918 \u2013 NAPA<br \/>\n48<\/h5>\n<h5 style=\"text-align: center;\">BIN 112<br \/>\nDOMAINE CHERRIER ET FILS SANCERRE \u201917 \u2013 FRANCE<br \/>\n65<\/h5>\n<h5 style=\"text-align: center;\">BIN 113<br \/>\nCRAGGY RANGE \u201cTE MUNA ROAD VINEYARD\u201d \u201919 \u2013 MARTINBOROUGH<br \/>\n66<\/h5>\n<h5 style=\"text-align: center;\">BIN 114<br \/>\nBLUEPRINT \u201916 \u2013 NAPA<br \/>\n78<\/h5>\n<\/div><style type=\"text\/css\"><\/style><div class=\"fusion-title title fusion-title-9 fusion-sep-none fusion-title-text fusion-title-size-one\" style=\"margin-top:0px;margin-right:0px;margin-bottom:0px;margin-left:0px;\"><h1 class=\"title-heading-left\" style=\"margin:0;\"><h4 style=\"text-align: center;\">INTERESTING WHITES<\/h4><\/h1><\/div><div class=\"fusion-text fusion-text-6\"><h5 style=\"text-align: center;\">BIN 120<br \/>\nMAX FERDININAND RICHTER \u201cZEPPELIN LABEL\u201d RIESLING \u201916 \u2013 MOSEL<br \/>\n35<\/h5>\n<h5 style=\"text-align: center;\">BIN 121<br \/>\nCHAT. GRAND TRAVERSE LATE HARVEST CHARDONNAY \u201916 \u2013 MCIHIGAN<br \/>\n36<\/h5>\n<h5 style=\"text-align: center;\">BIN 123<br \/>\nMASO CANALI PINOT GRIGIO \u201818 \u2013 TRENTINO<br \/>\n44<\/h5>\n<h5 style=\"text-align: center;\">BIN 124<br \/>\nDOMAINES SCHLUMBERGER RIESLING \u201cLES PRINCE ABBES\u201d \u201913 \u2013 ALSACE<br \/>\n48<\/h5>\n<h5 style=\"text-align: center;\">BIN 125<br \/>\nSTOLPMAN VINEYARDS ROUSSANNE \u201916 \u2013 BALLARD CANYON<br \/>\n58<\/h5>\n<h5 style=\"text-align: center;\">BIN 126<br \/>\nDR. FISHER BOCKSTEIN OCKFEN SP\u00c4TLESE RIESLING \u201916 \u2013 MOSEL<br \/>\n62<\/h5>\n<h5 style=\"text-align: center;\">BIN 127<br \/>\nCERETTO ARNEIS BLANGE \u201917 \u2013 PIEDMONT<br \/>\n68<\/h5>\n<\/div><style type=\"text\/css\"><\/style><div class=\"fusion-title title fusion-title-10 fusion-sep-none fusion-title-text fusion-title-size-one\" style=\"margin-top:0px;margin-right:0px;margin-bottom:0px;margin-left:0px;\"><h1 class=\"title-heading-left\" style=\"margin:0;\"><h4 style=\"text-align: center;\">CHARDONNAY<\/h4><\/h1><\/div><div class=\"fusion-text fusion-text-7\"><h5 style=\"text-align: center;\">BIN130<br \/>\nSONOMA-CUTRER \u201cRUSSIAN RIVER RANCH\u201d \u201817 \u2013 SONOMA COAST<br \/>\n55<\/h5>\n<h5 style=\"text-align: center;\">BIN 131<br \/>\nFRANK FAMILY \u201917 \u2013 CARNEROS<br \/>\n66<\/h5>\n<h5 style=\"text-align: center;\">BIN 132<br \/>\nDOMAINE MARC MOREY RULLY \u201915 \u2013 BURGUNDY<br \/>\n72<\/h5>\n<h5 style=\"text-align: center;\">BIN 133<br \/>\nCAKEBREAD CHARDONNAY \u201918 \u2013 NAPA<br \/>\n76<\/h5>\n<h5 style=\"text-align: center;\">BIN 134<br \/>\nAXR UNFILTERED \u201915 \u2013 NAPA<br \/>\n78<\/h5>\n<h5 style=\"text-align: center;\">BIN 135<br \/>\nRAMEY \u201cRITCHIE VINEYARD\u201d \u201913 \u2013 RUSSIAN RIVER VALLEY<br \/>\n78<\/h5>\n<h5 style=\"text-align: center;\">BIN 136<br \/>\nDOMAINE S\u00c9GUINOT-BORDET CHABLIS PREMIER CRU \u201cFOURCHAUME\u201d \u201916 \u2013 BURGUNDY<br \/>\n80<\/h5>\n<h5 style=\"text-align: center;\">BIN 137<br \/>\nFLOWERS VINEYARDS \u201917 \u2013 SONOMA COAST<br \/>\n94<\/h5>\n<h5 style=\"text-align: center;\">BIN 138<br \/>\nSHAFER RED SHOULDER RANCH \u201917 &#8211; CARNEROS<br \/>\n125<\/h5>\n<\/div><style type=\"text\/css\"><\/style><div class=\"fusion-title title fusion-title-11 fusion-sep-none fusion-title-text fusion-title-size-one\" style=\"margin-top:0px;margin-right:0px;margin-bottom:0px;margin-left:0px;\"><h1 class=\"title-heading-left\" style=\"margin:0;\"><h4 style=\"text-align: center;\">REDS<\/h4><\/h1><\/div><style type=\"text\/css\"><\/style><div class=\"fusion-title title fusion-title-12 fusion-sep-none fusion-title-text fusion-title-size-one\" style=\"margin-top:0px;margin-right:0px;margin-bottom:0px;margin-left:0px;\"><h1 class=\"title-heading-left\" style=\"margin:0;\"><h4 style=\"text-align: center;\">PINOT NOIR<\/h4><\/h1><\/div><div class=\"fusion-text fusion-text-8\"><h5 style=\"text-align: center;\">BIN 201<br \/>\nCALERA \u201916 \u2013 CENTRAL COAST<br \/>\n50<\/p>\n<h5>\n<h5 style=\"text-align: center;\">BIN 202<br \/>\nTOLOSA \u201916 \u2013 EDNA VALLEY<br \/>\n52<\/p>\n<h5>\n<h5 style=\"text-align: center;\">BIN203<br \/>\nBOUCHAINE \u201915 \u2013 NAPA\/CARNEROS<br \/>\n55<\/p>\n<h5>\n<h5 style=\"text-align: center;\">BIN 204<br \/>\nDOMAINES SCHLUMBERGER \u201cLES PRINCE ABBES\u201d \u201915 \u2013 ALSACE<br \/>\n70<\/p>\n<h5>\n<h5 style=\"text-align: center;\">BIN 205<br \/>\nPATTON VALLEY ESTATE \u201915 \u2013 WILLAMETTE<br \/>\n82<\/p>\n<h5>\n<h5 style=\"text-align: center;\">BIN 206<br \/>\nEN ROUTE \u201cLES POMMIERS\u201d \u201918 \u2013 RUSSIAN RIVER<br \/>\n85<\/p>\n<h5>\n<h5 style=\"text-align: center;\">BIN 207<br \/>\nETUDE \u201cGRACE BENOIST RANCH\u201d \u201916 &#8211; CARNEROS<br \/>\n98<\/p>\n<h5>\n<h5 style=\"text-align: center;\">BIN 208<br \/>\nDOMAINE DROUHIN DUNDEE HILLS \u201917 \u2013 OREGON<br \/>\n102<\/p>\n<h5>\n<h5 style=\"text-align: center;\">BIN 209<br \/>\nTWOMEY \u201cBIEN NACIDO VINYARD\u201d \u201917 \u2013 SANTA MARIA VALLEY<br \/>\n130<\/p>\n<h5>\n<\/div><style type=\"text\/css\"><\/style><div class=\"fusion-title title fusion-title-13 fusion-sep-none fusion-title-text fusion-title-size-one\" style=\"margin-top:0px;margin-right:0px;margin-bottom:0px;margin-left:0px;\"><h1 class=\"title-heading-left\" style=\"margin:0;\"><h4 style=\"text-align: center;\">MERLOT<\/h4><\/h1><\/div><div class=\"fusion-text fusion-text-9\"><h5 style=\"text-align: center;\">BIN 220<br \/>\nLA STORIA BY TRENTADUE \u201914 \u2013 ALEXANDER VALLEY<br \/>\n48<\/p>\n<h5>\n<h5 style=\"text-align: center;\">BIN 221<br \/>\nEHLERS ESTATE \u201916 \u2013 ST. HELENA-NAPA<br \/>\n100<\/p>\n<h5>\n<h5 style=\"text-align: center;\">BIN 222<br \/>\nTWOMEY \u201913 \u2013 NAPA<br \/>\n125<\/p>\n<h5>\n<h5 style=\"text-align: center;\">BIN 223<br \/>\nPRIDE MOUNTAIN VINEYARDS \u201917 \u2013 NAPA\/SONOMA<br \/>\n130<\/p>\n<h5>\n<\/div><style type=\"text\/css\"><\/style><div class=\"fusion-title title fusion-title-14 fusion-sep-none fusion-title-text fusion-title-size-one\" style=\"margin-top:0px;margin-right:0px;margin-bottom:0px;margin-left:0px;\"><h1 class=\"title-heading-left\" style=\"margin:0;\"><h4 style=\"text-align: center;\">INTERESTING REDS<\/h4><\/h1><\/div><div class=\"fusion-text fusion-text-10\"><h5 style=\"text-align: center;\">BIN 230<br \/>\n\u201cPHANTOM\u201d RED BLEND BY BOGLE \u201916 \u2013 CALIFORNIA<br \/>\n40<\/h5>\n<h5 style=\"text-align: center;\">BIN 231<br \/>\nEL COTO CRIANZA \u201915 \u2013 RIOJA<br \/>\n40<\/h5>\n<h5 style=\"text-align: center;\">BIN 232<br \/>\nTRIVENTO \u201cGOLDEN RESERVE\u201d MALBEC \u201917 \u2013 MENDOZA<br \/>\n54<\/h5>\n<h5 style=\"text-align: center;\">BIN 233<br \/>\nGIRADET BACO NOIR \u201915 \u2013 UMPQUA VALLEY OREGON<br \/>\n56<\/h5>\n<h5 style=\"text-align: center;\">BIN 234<br \/>\nMOLLYDOOKER \u201cTHE BOXER\u201d SHIRAZ \u201917 \u2013 MCLAREN VALE<br \/>\n62<\/h5>\n<h5 style=\"text-align: center;\">BIN 235<br \/>\nMILAMORE \u201cARGENTINE BLEND\u201d \u201815 \u2013 MENDOZA<br \/>\n70<\/h5>\n<h5 style=\"text-align: center;\">BIN 236<br \/>\nPARADUXX \u201cZ BLEND\u201d BY DUCKHORN \u201917 \u2013 NAPA<br \/>\n72<\/h5>\n<h5 style=\"text-align: center;\">BIN 237<br \/>\nSALDO ZINFANDEL BY THE PRISONER WINE CO. \u201918 \u2013 CALIFORNIA<br \/>\n76<\/h5>\n<h5 style=\"text-align: center;\">BIN 238<br \/>\nCATENA SAN CARLOS CABERNET FRANC \u201917 &#8211; MENDOZA<br \/>\n76<\/h5>\n<h5 style=\"text-align: center;\">BIN 239<br \/>\nANGELI BLEND BY STOLPMAN \u201914 \u2013 BALLARD CANYON<br \/>\n78<\/h5>\n<h5 style=\"text-align: center;\">BIN 240<br \/>\nMEL\u00c9E GRENACHE \u201916 \u2013 CALIFORNIA<br \/>\n80<\/h5>\n<h5 style=\"text-align: center;\">BIN 241<br \/>\nJUAN GIL \u201cBLUE LABEL\u201d SPANISH RED \u201917 \u2013 JUMILLA<br \/>\n88<\/h5>\n<h5 style=\"text-align: center;\">BIN 242<br \/>\nCENTENNIAL ZINFANDEL BY LANGE TWINS \u201911 \u2013 LODI<br \/>\n118<\/h5>\n<\/div><style type=\"text\/css\"><\/style><div class=\"fusion-title title fusion-title-15 fusion-sep-none fusion-title-text fusion-title-size-one\" style=\"margin-top:0px;margin-right:0px;margin-bottom:0px;margin-left:0px;\"><h1 class=\"title-heading-left\" style=\"margin:0;\"><h4 style=\"text-align: center;\">ITALIAN REDS<\/h4><\/h1><\/div><div class=\"fusion-text fusion-text-11\"><h5 style=\"text-align: center;\">BIN 250<br \/>\nLENOTTI BARDOLINO \u201918 \u2013 VENETTO<br \/>\n38<\/h5>\n<h5 style=\"text-align: center;\">BIN 251<br \/>\nARCANUM \u201cIL FAUNO\u201d \u201917 \u2013 TOSCANA<br \/>\n74<\/h5>\n<h5 style=\"text-align: center;\">BIN 252<br \/>\nLUIGI RIGHETTI CAPITEL DE ROARI AMARONE \u201916 &#8211; VALPOLICELLA<br \/>\n76<\/h5>\n<h5 style=\"text-align: center;\">BIN 253<br \/>\nCARPINETO CHIANTI CLASSICO RISERVA \u201915 \u2013 TOSCANA<br \/>\n76<\/h5>\n<h5 style=\"text-align: center;\">BIN 254<br \/>\nCERETTO MONSORDO ROSSO \u201916 \u2013 PIEMONTE<br \/>\n85<\/h5>\n<h5 style=\"text-align: center;\">BIN 255<br \/>\nCANTINA DEL GLICINE \u201cVIGNASPARSE\u201d BARBARESCO DOCG \u201916 \u2013 PIEMONTE<br \/>\n90<\/h5>\n<h5 style=\"text-align: center;\">BIN 256<br \/>\nCASTIGLION DEL BOSCO BRUNELLO DI MONTALCINO \u201915 \u2013 TUSCANA<br \/>\n135<\/h5>\n<h5 style=\"text-align: center;\">BIN 257<br \/>\nPAOLO SCAVINO MONVIGLIERO BAROLO \u201915 \u2013 PIEMONTE<br \/>\n150<\/h5>\n<h5 style=\"text-align: center;\">BIN 258<br \/>\nTEDESCHI MONTE OLMI AMARONE \u201913 \u2013 VALPOLICELLA<br \/>\n212<\/h5>\n<h5 style=\"text-align: center;\">BIN 259<br \/>\nTIGNANELLO \u201cSUPER TUSCAN\u201d \u201817 \u2013 TOSCANA<br \/>\n250<\/h5>\n<h5 style=\"text-align: center;\">BIN 260<br \/>\nGAJA BARBARESCO \u201913 \u2013 PIEMONTE<br \/>\n375<\/h5>\n<\/div><style type=\"text\/css\"><\/style><div class=\"fusion-title title fusion-title-16 fusion-sep-none fusion-title-text fusion-title-size-one\" style=\"margin-top:0px;margin-right:0px;margin-bottom:0px;margin-left:0px;\"><h1 class=\"title-heading-left\" style=\"margin:0;\"><h4 style=\"text-align: center;\">FRENCH REDS<\/h4><\/h1><\/div><div class=\"fusion-text fusion-text-12\"><h5 style=\"text-align: center;\">BIN 270<br \/>\nSIGNATURE C\u00d4TES DU RH\u00d4NE BY LA FONT DU LOUP \u201919 \u2013 RHONE<br \/>\n44<\/h5>\n<h5 style=\"text-align: center;\">BIN 271<br \/>\nCH\u00c2TEAU ANTHONIC \u201915 &#8211; MOULIS-EN-MEDOC<br \/>\n60<\/h5>\n<h5 style=\"text-align: center;\">BIN 272<br \/>\nCH\u00c2TEAU DE CHAMIREY MERCUREY \u201916 \u2013 BURGUNDY<br \/>\n68<\/h5>\n<h5 style=\"text-align: center;\">BIN 273<br \/>\nCH\u00c2TEAU LARCIS JAUMAT SAINT-EMILION GRAND CRU \u201916 \u2013 ST. EMILION<br \/>\n72<\/h5>\n<h5 style=\"text-align: center;\">BIN 274<br \/>\nDOMAINE ARNOUX P\u00c8RE ET FILS CHOREY LES BEAUNE \u201cLES BEAUMONTS\u201d \u201915 \u2013 BURGUNDY<br \/>\n72<\/h5>\n<h5 style=\"text-align: center;\">BIN 275<br \/>\nCH\u00c2TEAU HAUT-BEAUS\u00c9JOUR \u201916 \u2013 SAINTE EST\u00c8PHE<br \/>\n85<\/h5>\n<h5 style=\"text-align: center;\">BIN 276<br \/>\nCH\u00c2TEAU DE SALES \u201812 &#8211; POMEROL<br \/>\n90v<\/p>\n<h5 style=\"text-align: center;\">BIN 277<br \/>\nLA RESERVE D\u2019ANGLUDET \u201816 &#8211; MARGAUX<br \/>\n98<\/h5>\n<h5 style=\"text-align: center;\">BIN 278<br \/>\nDOMAINE DU GRAND TINEL CHATEAUNEUF-DU-PAPE \u201816 &#8211; RHONE<br \/>\n108<\/h5>\n<h5 style=\"text-align: center;\">BIN 279<br \/>\nCH\u00c2TEAU CLARKE \u201915 \u2013 LISTRAC-M\u00c9DOC<br \/>\n132<\/h5>\n<h5 style=\"text-align: center;\">BIN 280<br \/>\nDOMAINE CHANTE CIGALE CH\u00c2TEAUNUEF-DU-PAPE \u201cVIELLES VIGNES\u201d \u201915 \u2013 RHONE<br \/>\n146<\/h5>\n<h5 style=\"text-align: center;\">BIN 281<br \/>\nTHIERRY ET PASCALE MATROT BLAGNEY 1ER CRU \u201cLA PIECE SOUS LE BOIS\u201d \u201916 \u2013 BURGUNDY<br \/>\n148<\/h5>\n<h5 style=\"text-align: center;\">BIN 282<br \/>\nPAUILLAC BY CH\u00c2TEAU LATOUR \u201814 &#8211; PAUILLAC<br \/>\n180<\/h5>\n<\/div><style type=\"text\/css\"><\/style><div class=\"fusion-title title fusion-title-17 fusion-sep-none fusion-title-text fusion-title-size-one\" style=\"margin-top:0px;margin-right:0px;margin-bottom:0px;margin-left:0px;\"><h1 class=\"title-heading-left\" style=\"margin:0;\"><h4 style=\"text-align: center;\">CABERNET &amp; CABERNET BLENDS<\/h4><\/h1><\/div><div class=\"fusion-text fusion-text-13\"><h5 style=\"text-align: center;\">BIN 300<br \/>\nCULT \u201916 \u2013 CALIFORNIA<br \/>\n40<\/h5>\n<h5 style=\"text-align: center;\">BIN 301<br \/>\nJIM BARRY \u201cTHE COVER DRIVE\u201d \u201915 \u2013 COONAWARRA<br \/>\n42<\/h5>\n<h5 style=\"text-align: center;\">BIN 302<br \/>\nALEXANDER VALLEY VINEYARDS \u201918 \u2013 ALEXANDER VALLEY<br \/>\n48<\/h5>\n<h5 style=\"text-align: center;\">BIN 303<br \/>\nBELACOSA \u201916 \u2013 NORTH COAST<br \/>\n56<\/h5>\n<h5 style=\"text-align: center;\">BIN 304<br \/>\nFITCH MOUNTAIN CELLARS \u201916 \u2013 SONOMA COUNTY<br \/>\n58<\/h5>\n<h5 style=\"text-align: center;\">BIN 305<br \/>\nPULENTA ESTATE BY PAUL HOBBS \u201916 \u2013 LUJAN DE CUYO<br \/>\n62<\/h5>\n<h5 style=\"text-align: center;\">BIN 306<br \/>\nCLOS DE NAPA \u201917 \u2013 RUTHERFORD-NAPA<br \/>\n64<\/h5>\n<h5 style=\"text-align: center;\">BIN 307<br \/>\nBLACKSMITH \u201916 \u2013 NAPA<br \/>\n68<\/h5>\n<h5 style=\"text-align: center;\">BIN 308<br \/>\nSILVER GHOST \u201916 \u2013 NAPA<br \/>\n72<\/h5>\n<h5 style=\"text-align: center;\">BIN 309<br \/>\nGIBBS \u201917 \u2013 ST. HELENA-NAPA<br \/>\n82<\/h5>\n<h5 style=\"text-align: center;\">BIN 310<br \/>\nBLUE ROCK \u201916 \u2013 ALEXANDER VALLEY<br \/>\n92<\/h5>\n<h5 style=\"text-align: center;\">BIN 311<br \/>\nUNITY BY FISHER \u201918 \u2013 NAPA\/SONOMA<br \/>\n95<\/h5>\n<h5 style=\"text-align: center;\">BIN 312<br \/>\nHEDGES \u201915 \u2013 RED MOUNTAIN WASHINGTON<br \/>\n96<\/h5>\n<h5 style=\"text-align: center;\">BIN 313<br \/>\nHESPERIAN \u201910 \u2013 NAPA<br \/>\n99<\/h5>\n<h5 style=\"text-align: center;\">BIN 314<br \/>\nHALL \u201917 &#8211; NAPA<br \/>\n122<\/h5>\n<h5 style=\"text-align: center;\">BIN 315<br \/>\nHOOPES VINEYARD \u201915 \u2013 NAPA<br \/>\n125<\/h5>\n<h5 style=\"text-align: center;\">BIN 316<br \/>\nROBERTS AND ROGERS \u201cLOUER FAMILY VINYARD\u201d \u201916 \u2013 ST. HELENA-NAPA<br \/>\n130<\/h5>\n<h5 style=\"text-align: center;\">317<br \/>\nFROG\u2019S LEAP \u201916 \u2013 RUTHERFORD-NAPA<br \/>\n128<\/h5>\n<h5 style=\"text-align: center;\">BIN 318<br \/>\nSTAG\u2019S LEAP \u201cARTEMIS\u201d \u201917 \u2013 NAPA<br \/>\n136<\/h5>\n<h5 style=\"text-align: center;\">BIN 319<br \/>\nCROSSROADS BY RUDD \u201916 \u2013 OAKVILLE<br \/>\n156<\/h5>\n<h5 style=\"text-align: center;\">BIN 320<br \/>\nBLUEPRINT BY LAIL \u201916 \u2013 NAPA<br \/>\n158<\/h5>\n<h5 style=\"text-align: center;\">BIN 321<br \/>\nAFFINITY BY ROBERT CRAIG \u201916 \u2013 NAPA<br \/>\n164<\/h5>\n<h5 style=\"text-align: center;\">BIN 322<br \/>\nLYNDENHURST BY SPOTTSWOODE \u201916 &#8211; NAPA<br \/>\n168<\/h5>\n<h5 style=\"text-align: center;\">BIN 323<br \/>\nLEVENDI STAGECOACH VINEYARD \u201916 \u2013 NAPA<br \/>\n168<\/h5>\n<h5 style=\"text-align: center;\">BIN 324<br \/>\nSILVER OAK \u201916 \u2013 ALEXANDER VALLEY<br \/>\n172<\/h5>\n<h5 style=\"text-align: center;\">BIN 325<br \/>\nCAKEBREAD \u201816 &#8211; NAPA<br \/>\n178<\/h5>\n<h5 style=\"text-align: center;\">BIN 326<br \/>\nETERNITY BY CLARK-CLAUDON \u201913 \u2013 NAPA<br \/>\n245<\/h5>\n<\/div><div class=\"fusion-clearfix\"><\/div><\/div><\/div><div class=\"fusion-layout-column fusion_builder_column fusion-builder-column-1 fusion_builder_column_1_1 1_1 fusion-one-full fusion-column-first fusion-column-last\" style=\"margin-top:0px;margin-bottom:20px;\"><div class=\"fusion-column-wrapper fusion-flex-column-wrapper-legacy\" style=\"background-position:left top;background-repeat:no-repeat;-webkit-background-size:cover;-moz-background-size:cover;-o-background-size:cover;background-size:cover;padding: 0px 0px 0px 0px;\"><div class=\"fusion-clearfix\"><\/div><\/div><\/div><\/div><\/div>\n","protected":false},"excerpt":{"rendered":"","protected":false},"author":1,"featured_media":0,"parent":0,"menu_order":0,"comment_status":"closed","ping_status":"closed","template":"100-width.php","meta":{"_price":"","_stock":"","_tribe_ticket_header":"","_tribe_default_ticket_provider":"","_tribe_ticket_capacity":"0","_ticket_start_date":"","_ticket_end_date":"","_tribe_ticket_show_description":"","_tribe_ticket_show_not_going":false,"_tribe_ticket_use_global_stock":"","_tribe_ticket_global_stock_level":"","_global_stock_mode":"","_global_stock_cap":"","_tribe_rsvp_for_event":"","_tribe_ticket_going_count":"","_tribe_ticket_not_going_count":"","_tribe_tickets_list":"[]","_tribe_ticket_has_attendee_info_fields":false,"footnotes":""},"class_list":["post-266","page","type-page","status-publish","hentry"],"ticketed":false,"_links":{"self":[{"href":"https:\/\/www.thelondonchophouse.com\/index.php\/wp-json\/wp\/v2\/pages\/266","targetHints":{"allow":["GET"]}}],"collection":[{"href":"https:\/\/www.thelondonchophouse.com\/index.php\/wp-json\/wp\/v2\/pages"}],"about":[{"href":"https:\/\/www.thelondonchophouse.com\/index.php\/wp-json\/wp\/v2\/types\/page"}],"author":[{"embeddable":true,"href":"https:\/\/www.thelondonchophouse.com\/index.php\/wp-json\/wp\/v2\/users\/1"}],"replies":[{"embeddable":true,"href":"https:\/\/www.thelondonchophouse.com\/index.php\/wp-json\/wp\/v2\/comments?post=266"}],"version-history":[{"count":0,"href":"https:\/\/www.thelondonchophouse.com\/index.php\/wp-json\/wp\/v2\/pages\/266\/revisions"}],"wp:attachment":[{"href":"https:\/\/www.thelondonchophouse.com\/index.php\/wp-json\/wp\/v2\/media?parent=266"}],"curies":[{"name":"wp","href":"https:\/\/api.w.org\/{rel}","templated":true}]}}